{"id":208076,"date":"2018-05-18T16:16:24","date_gmt":"2018-05-18T14:16:24","guid":{"rendered":"http:\/\/www.airflaps.com\/?page_id=208076"},"modified":"2018-05-18T18:36:41","modified_gmt":"2018-05-18T16:36:41","slug":"story","status":"publish","type":"page","link":"http:\/\/www.airflaps.com\/fr\/story\/","title":{"rendered":"story"},"content":{"rendered":"<p>[et_pb_section bb_built=&#8221;1&#8243; _builder_version=&#8221;3.0.106&#8243; background_blend=&#8221;color-burn&#8221; custom_padding=&#8221;46px||18px|&#8221; next_background_color=&#8221;#000000&#8243;][et_pb_row custom_padding=&#8221;38px|0px|0|0px&#8221; _builder_version=&#8221;3.0.69&#8243;][et_pb_column type=&#8221;1_2&#8243;][et_pb_text admin_label=&#8221;Discover Beatuty Title&#8221; _builder_version=&#8221;3.0.106&#8243; text_font=&#8221;||||&#8221; text_text_color=&#8221;#1a1a1a&#8221; header_font=&#8221;Oswald|on||on|&#8221; header_text_align=&#8221;right&#8221; header_font_size=&#8221;60px&#8221; header_line_height=&#8221;1.3em&#8221; animation_style=&#8221;slide&#8221; animation_direction=&#8221;top&#8221; animation_intensity_slide=&#8221;10%&#8221;]<\/p>\n<h1 style=\"text-align: left;\"><span style=\"color: #333333;\">L&#8217;AVENTURE AIRFLAPS<br \/>\n<\/span><\/h1>\n<p>[\/et_pb_text][et_pb_divider color=&#8221;#e02b20&#8243; show_divider=&#8221;on&#8221; divider_position=&#8221;center&#8221; divider_weight=&#8221;3px&#8221; height=&#8221;false&#8221; disabled_on=&#8221;off|off|off&#8221; _builder_version=&#8221;3.0.106&#8243; max_width=&#8221;150px&#8221; animation_style=&#8221;slide&#8221; animation_direction=&#8221;top&#8221; animation_delay=&#8221;100ms&#8221; animation_intensity_slide=&#8221;10%&#8221;]<br \/>\n[\/et_pb_divider][et_pb_text admin_label=&#8221;Discover Beatuty Text&#8221; _builder_version=&#8221;3.0.106&#8243; text_font=&#8221;Roboto||||&#8221; text_font_size=&#8221;16px&#8221; text_line_height=&#8221;1.9em&#8221; custom_padding=&#8221;30px|||&#8221; animation_style=&#8221;slide&#8221; animation_direction=&#8221;top&#8221; animation_delay=&#8221;200ms&#8221; animation_intensity_slide=&#8221;10%&#8221; inline_fonts=&#8221;Roboto&#8221;]<\/p>\n<div class=\"page\" title=\"Page 7\">\n<div class=\"layoutArea\">\n<div class=\"column\">\n<p><strong>AIRFLAPS<\/strong>. Une id\u00e9e toute simple pour r\u00e9soudre deux probl\u00e8mes auquel tout utilisateur d\u2019un casque et d\u2019un masque\u00a0a d\u00e9j\u00e0 \u00e9t\u00e9 confront\u00e9 : manque d\u2019a\u00e9ration par temps chaud, bu\u00e9e par temps froid. Une id\u00e9e n\u00e9e \u00e0 la fois de l\u2018observation et de la pratique.<\/p>\n<p>Serge Gisqui\u00e8re a test\u00e9 des motos pendant plusieurs ann\u00e9es, roulant avec des pilotes tels que <strong>Stephane Peterhansel, Johnny O\u2019Mara, Danny Laporte, Mike Metzger, Stefan Everts, Cyril Despres ou\u2026 Fred Bolley. <\/strong>Les observer rouler, tester, s\u2019entra\u00eener, se pr\u00e9parer, gagner,\u2026 Autant d\u2019occasions de constater que les solutions les plus simples sont souvent les plus efficaces.<\/p>\n<p>Des ann\u00e9es de pratique plus tard, l\u2019id\u00e9e d\u2019\u00e9carter le masque du visage na\u00eet lors d\u2019une sortie moto. L\u2019ex journaliste d\u00e9voile un premier prototype bidouill\u00e9 dans son garage \u00e0 Fred Bolley, double champion du monde. AIRFLAPS sera d\u00e9velopp\u00e9 et test\u00e9 pour devenir un produit qui convaincra les meilleurs pilotes, la presse et le pratiquant de tous les jours.<\/p>\n<p>Le concept touche actuellement le monde du Mountain Bike, du ski ou du casque de protection professionnel. Autant de preuves qu\u2019AirFlaps est bien la solution adapt\u00e9e \u00e0 un probl\u00e8me r\u00e9curent de performance, de confort et de s\u00e9curit\u00e9.<\/p>\n<\/div>\n<\/div>\n<\/div>\n<p>[\/et_pb_text][\/et_pb_column][et_pb_column type=&#8221;1_2&#8243;][et_pb_image src=&#8221;http:\/\/www.airflaps.com\/wp-content\/uploads\/2018\/04\/story-bolley.jpg&#8221; _builder_version=&#8221;3.0.106&#8243; custom_margin=&#8221;0px|||&#8221; animation_style=&#8221;fold&#8221; animation_direction=&#8221;left&#8221; animation_intensity_fold=&#8221;20%&#8221; animation=&#8221;fade_in&#8221; align=&#8221;right&#8221; max_width_last_edited=&#8221;on|desktop&#8221; max_width=&#8221;79%&#8221; max_width_tablet=&#8221;100%&#8221; border_width_right=&#8221;37px&#8221; border_color_right=&#8221;#e02b20&#8243;]<\/p>\n<div class=\"page\" title=\"Page 7\">\n<div class=\"layoutArea\">\n<div class=\"column\">\n<h2><span style=\"color: #000000; font-family: Roboto; font-weight: normal;\">FRED BOLLEY<br \/>\n<\/span><\/h2>\n<div class=\"page\" title=\"Page 7\">\n<div class=\"layoutArea\">\n<div class=\"column\">\n<h3><span style=\"font-weight: normal;\"><span style=\"font-family: Roboto;\"><span style=\"font-size: 11pt;\"><span style=\"color: #0895db;\">Chairmain of Airflaps<\/span><br \/>\nTwo times MX Champion<br \/>\nSuperMoto World Championship<br \/>\nEnduro World Championship<br \/>\n<\/span><\/span><\/span><\/h3>\n<\/div>\n<\/div>\n<\/div>\n<h2><span style=\"font-size: 9pt; font-family: Roboto; color: #000000; font-weight: normal;\">\u00a0<\/span><\/h2>\n<h2><\/h2>\n<div class=\"page\" title=\"Page 7\">\n<div class=\"layoutArea\">\n<h2 class=\"column\"><span style=\"font-size: 9pt; font-family: 'CenturyGothic'; color: #ffffff;\"><span style=\"color: #000000; font-family: Roboto; font-weight: normal;\">\u00a0<\/span>Enduro World Championship <\/span><\/h2>\n<\/div>\n<\/div>\n<\/div>\n<\/div>\n<\/div>\n<p>[\/et_pb_image][et_pb_text _builder_version=&#8221;3.0.106&#8243;]<\/p>\n<h2 style=\"text-align: right;\"><span style=\"color: #000000; font-family: Roboto; font-weight: normal;\">FRED BOLLEY<\/span><span style=\"color: #000000; font-weight: normal;\"><br \/>\n<\/span><\/h2>\n<div class=\"page\" title=\"Page 7\">\n<div class=\"layoutArea\">\n<div class=\"column\">\n<h3 style=\"text-align: right;\"><span style=\"font-weight: normal;\"><span style=\"font-size: 11pt;\"><span style=\"color: #0d96db;\">Pr\u00e9sident de Airflaps<\/span><\/span><span style=\"font-family: Roboto;\"><span style=\"font-size: 11pt;\"><br \/>\nTwo times MX World Champion<br \/>\nSuperMoto World Championship<br \/>\nEnduro World Championship<br \/>\n<\/span><\/span><\/span><\/h3>\n<div class=\"page\" title=\"Page 7\">\n<div class=\"layoutArea\">\n<div class=\"column\"><\/div>\n<\/div>\n<\/div>\n<h3><span style=\"font-weight: normal; font-size: 11pt;\">\u00a0<\/span><\/h3>\n<\/div>\n<\/div>\n<\/div>\n<p>[\/et_pb_text][\/et_pb_column][\/et_pb_row][\/et_pb_section][et_pb_section bb_built=&#8221;1&#8243; _builder_version=&#8221;3.0.106&#8243; background_blend=&#8221;color-burn&#8221; custom_padding=&#8221;0||110px|&#8221; prev_background_color=&#8221;#000000&#8243;][et_pb_row _builder_version=&#8221;3.0.106&#8243; custom_padding=&#8221;2px|0px|27px|0px&#8221;][et_pb_column type=&#8221;2_3&#8243;][et_pb_image src=&#8221;http:\/\/www.airflaps.com\/wp-content\/uploads\/2018\/04\/story-gis.jpg&#8221; _builder_version=&#8221;3.0.106&#8243; border_width_left=&#8221;43px&#8221; border_color_left=&#8221;#184e96&#8243;]<br \/>\n[\/et_pb_image][\/et_pb_column][et_pb_column type=&#8221;1_3&#8243;][et_pb_text _builder_version=&#8221;3.0.106&#8243;]<\/p>\n<h2><span style=\"color: #000000; font-family: Roboto; font-weight: normal;\">SERGE GISQUIERE<br \/>\n<\/span><\/h2>\n<div class=\"page\" title=\"Page 7\">\n<div class=\"layoutArea\">\n<div class=\"column\">\n<h3><span style=\"font-weight: normal;\"><span style=\"font-size: 11pt;\"><span style=\"color: #0d96db;\">Inventeur et Directeur de Airflaps<\/span><\/span><span style=\"font-family: Roboto;\"><span style=\"font-size: 11pt;\"><br \/>\nFormer<\/span><\/span><span style=\"font-size: 11pt;\"> t<\/span><span style=\"font-size: 11pt;\">est<\/span><span style=\"font-family: Roboto;\"><span style=\"font-size: 11pt;\"> journalist for french Moto Revue and Moto Verte magazines<\/span><\/span><\/span><\/h3>\n<h2><\/h2>\n<div class=\"page\" title=\"Page 7\">\n<div class=\"layoutArea\">\n<h2 class=\"column\"><span style=\"font-size: 9pt; font-family: 'CenturyGothic'; color: #ffffff;\"><span style=\"color: #000000; font-family: Roboto; font-weight: normal;\">\u00a0<\/span>Enduro World Championship <\/span><\/h2>\n<\/div>\n<\/div>\n<\/div>\n<\/div>\n<\/div>\n<p>[\/et_pb_text][et_pb_image src=&#8221;http:\/\/www.airflaps.com\/wp-content\/uploads\/2018\/04\/croquis-light.jpg&#8221; _builder_version=&#8221;3.0.106&#8243;]<br \/>\n[\/et_pb_image][\/et_pb_column][\/et_pb_row][\/et_pb_section]<\/p>\n","protected":false},"excerpt":{"rendered":"<p>L&#8217;AVENTURE AIRFLAPS AIRFLAPS. Une id\u00e9e toute simple pour r\u00e9soudre deux probl\u00e8mes auquel tout utilisateur d\u2019un casque et d\u2019un masque\u00a0a d\u00e9j\u00e0 \u00e9t\u00e9 confront\u00e9 : manque d\u2019a\u00e9ration par temps chaud, bu\u00e9e par temps froid. Une id\u00e9e n\u00e9e \u00e0 la fois de l\u2018observation et de la pratique. Serge Gisqui\u00e8re a test\u00e9 des motos pendant plusieurs ann\u00e9es, roulant avec [&hellip;]<\/p>\n","protected":false},"author":4,"featured_media":0,"parent":0,"menu_order":0,"comment_status":"closed","ping_status":"closed","template":"","meta":{"_et_pb_use_builder":"on","_et_pb_old_content":"","_et_gb_content_width":"","footnotes":""},"_links":{"self":[{"href":"http:\/\/www.airflaps.com\/fr\/wp-json\/wp\/v2\/pages\/208076"}],"collection":[{"href":"http:\/\/www.airflaps.com\/fr\/wp-json\/wp\/v2\/pages"}],"about":[{"href":"http:\/\/www.airflaps.com\/fr\/wp-json\/wp\/v2\/types\/page"}],"author":[{"embeddable":true,"href":"http:\/\/www.airflaps.com\/fr\/wp-json\/wp\/v2\/users\/4"}],"replies":[{"embeddable":true,"href":"http:\/\/www.airflaps.com\/fr\/wp-json\/wp\/v2\/comments?post=208076"}],"version-history":[{"count":10,"href":"http:\/\/www.airflaps.com\/fr\/wp-json\/wp\/v2\/pages\/208076\/revisions"}],"predecessor-version":[{"id":208135,"href":"http:\/\/www.airflaps.com\/fr\/wp-json\/wp\/v2\/pages\/208076\/revisions\/208135"}],"wp:attachment":[{"href":"http:\/\/www.airflaps.com\/fr\/wp-json\/wp\/v2\/media?parent=208076"}],"curies":[{"name":"wp","href":"https:\/\/api.w.org\/{rel}","templated":true}]}}